{"id":208,"date":"2017-09-26T10:56:01","date_gmt":"2017-09-26T08:56:01","guid":{"rendered":"http:\/\/www.brandinfluence.eu\/?page_id=208"},"modified":"2020-10-01T18:07:10","modified_gmt":"2020-10-01T16:07:10","slug":"societe","status":"publish","type":"page","link":"https:\/\/old.brandinfluence.eu\/index.php\/fr\/societe\/","title":{"rendered":"Soci\u00e9t\u00e9"},"content":{"rendered":"<p>Depuis 2017, l&#8217;objectif de BrandInfluence est d&#8217;am\u00e9liorer la communication de nos clients gr\u00e2ce \u00e0 un contenu innovant et cr\u00e9atif. Nous d\u00e9veloppons et g\u00e9rons vos strat\u00e9gies marketing pour diffuser efficacement l&#8217;histoire de votre marque \u00e0 travers les influenceurs et les r\u00e9seaux sociaux tels que YouTube, Facebook, Instagram, TikTok, etc.<\/p>\n<div id=\"ConnectiveDocSignExtentionInstalled\" data-extension-version=\"1.0.4\"><\/div>\n<div id=\"ConnectiveDocSignExtentionInstalled\" data-extension-version=\"1.0.4\"><\/div>\n","protected":false},"excerpt":{"rendered":"<p>Depuis 2017, l&#8217;objectif de BrandInfluence est d&#8217;am\u00e9liorer la communication de nos clients gr\u00e2ce \u00e0 un contenu innovant et cr\u00e9atif. Nous d\u00e9veloppons et g\u00e9rons vos strat\u00e9gies marketing pour diffuser efficacement l&#8217;histoire de votre marque \u00e0 travers les influenceurs et les r\u00e9seaux sociaux tels que YouTube, Facebook, Instagram, TikTok, etc.<\/p>\n","protected":false},"author":1,"featured_media":319,"parent":0,"menu_order":0,"comment_status":"closed","ping_status":"closed","template":"","meta":[],"_links":{"self":[{"href":"https:\/\/old.brandinfluence.eu\/index.php\/wp-json\/wp\/v2\/pages\/208"}],"collection":[{"href":"https:\/\/old.brandinfluence.eu\/index.php\/wp-json\/wp\/v2\/pages"}],"about":[{"href":"https:\/\/old.brandinfluence.eu\/index.php\/wp-json\/wp\/v2\/types\/page"}],"author":[{"embeddable":true,"href":"https:\/\/old.brandinfluence.eu\/index.php\/wp-json\/wp\/v2\/users\/1"}],"replies":[{"embeddable":true,"href":"https:\/\/old.brandinfluence.eu\/index.php\/wp-json\/wp\/v2\/comments?post=208"}],"version-history":[{"count":2,"href":"https:\/\/old.brandinfluence.eu\/index.php\/wp-json\/wp\/v2\/pages\/208\/revisions"}],"predecessor-version":[{"id":325,"href":"https:\/\/old.brandinfluence.eu\/index.php\/wp-json\/wp\/v2\/pages\/208\/revisions\/325"}],"wp:featuredmedia":[{"embeddable":true,"href":"https:\/\/old.brandinfluence.eu\/index.php\/wp-json\/wp\/v2\/media\/319"}],"wp:attachment":[{"href":"https:\/\/old.brandinfluence.eu\/index.php\/wp-json\/wp\/v2\/media?parent=208"}],"curies":[{"name":"wp","href":"https:\/\/api.w.org\/{rel}","templated":true}]}}