{"id":210,"date":"2017-09-26T11:00:24","date_gmt":"2017-09-26T09:00:24","guid":{"rendered":"http:\/\/www.brandinfluence.eu\/?page_id=210"},"modified":"2017-09-26T11:00:24","modified_gmt":"2017-09-26T09:00:24","slug":"location","status":"publish","type":"page","link":"https:\/\/old.brandinfluence.eu\/index.php\/fr\/location\/","title":{"rendered":"Location"},"content":{"rendered":"<p>La soci\u00e9t\u00e9 est situ\u00e9 sur le rond point St\u00e9phanie, avec une vue plongeante sur celui-ci. Le bureau est au 4\u00e8me \u00e9tage dans un immeuble enti\u00e8rement r\u00e9nov\u00e9 en 2016.\u00a0La situation sur la plus belle art\u00e8re de Bruxelles, l\u2019environnement commercial imm\u00e9diat et sa connexion avec les transports en commun en fait une adresse incontournable.<\/p>\n","protected":false},"excerpt":{"rendered":"<p>La soci\u00e9t\u00e9 est situ\u00e9 sur le rond point St\u00e9phanie, avec une vue plongeante sur celui-ci. Le bureau est au 4\u00e8me \u00e9tage dans un immeuble enti\u00e8rement r\u00e9nov\u00e9 en 2016.\u00a0La situation sur la plus belle art\u00e8re de Bruxelles, l\u2019environnement commercial imm\u00e9diat et sa connexion avec les transports en commun en fait une adresse incontournable.<\/p>\n","protected":false},"author":1,"featured_media":119,"parent":0,"menu_order":0,"comment_status":"closed","ping_status":"closed","template":"","meta":[],"_links":{"self":[{"href":"https:\/\/old.brandinfluence.eu\/index.php\/wp-json\/wp\/v2\/pages\/210"}],"collection":[{"href":"https:\/\/old.brandinfluence.eu\/index.php\/wp-json\/wp\/v2\/pages"}],"about":[{"href":"https:\/\/old.brandinfluence.eu\/index.php\/wp-json\/wp\/v2\/types\/page"}],"author":[{"embeddable":true,"href":"https:\/\/old.brandinfluence.eu\/index.php\/wp-json\/wp\/v2\/users\/1"}],"replies":[{"embeddable":true,"href":"https:\/\/old.brandinfluence.eu\/index.php\/wp-json\/wp\/v2\/comments?post=210"}],"version-history":[{"count":1,"href":"https:\/\/old.brandinfluence.eu\/index.php\/wp-json\/wp\/v2\/pages\/210\/revisions"}],"predecessor-version":[{"id":211,"href":"https:\/\/old.brandinfluence.eu\/index.php\/wp-json\/wp\/v2\/pages\/210\/revisions\/211"}],"wp:featuredmedia":[{"embeddable":true,"href":"https:\/\/old.brandinfluence.eu\/index.php\/wp-json\/wp\/v2\/media\/119"}],"wp:attachment":[{"href":"https:\/\/old.brandinfluence.eu\/index.php\/wp-json\/wp\/v2\/media?parent=210"}],"curies":[{"name":"wp","href":"https:\/\/api.w.org\/{rel}","templated":true}]}}