{"id":212,"date":"2017-09-26T11:03:29","date_gmt":"2017-09-26T09:03:29","guid":{"rendered":"http:\/\/www.brandinfluence.eu\/?page_id=212"},"modified":"2020-10-02T09:00:14","modified_gmt":"2020-10-02T07:00:14","slug":"produit","status":"publish","type":"page","link":"https:\/\/old.brandinfluence.eu\/index.php\/fr\/produit\/","title":{"rendered":"Produit"},"content":{"rendered":"<p><strong>Influence Marketing<\/strong><br \/>\nNous s\u00e9lectionnons les influenceurs les plus adapt\u00e9s \u00e0 votre marques en fonction de la pertinence de leurs followers et de la qualit\u00e9 de leurs posts. Youtubers, Star de la t\u00e9l\u00e9vision ou encore Gamers, nous disposons d\u2019une base de donn\u00e9es de plusieurs milliers de micro ou macro influenceurs en Europe.<\/p>\n<p><strong>Social Media<\/strong><br \/>\nDe Facebook \u00e0 TikTok en passant par Instagram, nous g\u00e9rons votre campagne publicitaire en s\u00e9lectionnant les groupes socio-demo et les centres d&#8217;int\u00e9r\u00eats les plus adapt\u00e9s \u00e0 votre cible. Nous optimisons sans cesse votre budget media afin d&#8217;accroitre au maximum votre trafic ou vos ventes.<\/p>\n<p><strong>Content creation<\/strong><br \/>\nCommuniquer via les r\u00e9seaux sociaux n\u00e9cessite un contenu adapt\u00e9. Nos \u00e9quipes se chargent de la cr\u00e9ation \u00e0 la production de votre message sur base de votre briefing en fonction des diff\u00e9rents supports web et mobile s\u00e9lectionn\u00e9s.<\/p>\n<p>&nbsp;<\/p>\n<div id=\"ConnectiveDocSignExtentionInstalled\" data-extension-version=\"1.0.4\"><\/div>\n<div id=\"ConnectiveDocSignExtentionInstalled\" data-extension-version=\"1.0.4\"><\/div>\n","protected":false},"excerpt":{"rendered":"<p>Influence Marketing Nous s\u00e9lectionnons les influenceurs les plus adapt\u00e9s \u00e0 votre marques en fonction de la pertinence de leurs followers et de la qualit\u00e9 de leurs posts. Youtubers, Star de la t\u00e9l\u00e9vision ou encore Gamers, nous disposons d\u2019une base de donn\u00e9es de plusieurs milliers de micro ou macro influenceurs en Europe. Social Media De Facebook &hellip; <\/p>\n<p class=\"link-more\"><a href=\"https:\/\/old.brandinfluence.eu\/index.php\/fr\/produit\/\" class=\"more-link\">Continue reading<span class=\"screen-reader-text\"> &#8220;Produit&#8221;<\/span><\/a><\/p>\n","protected":false},"author":1,"featured_media":131,"parent":0,"menu_order":0,"comment_status":"closed","ping_status":"closed","template":"","meta":[],"_links":{"self":[{"href":"https:\/\/old.brandinfluence.eu\/index.php\/wp-json\/wp\/v2\/pages\/212"}],"collection":[{"href":"https:\/\/old.brandinfluence.eu\/index.php\/wp-json\/wp\/v2\/pages"}],"about":[{"href":"https:\/\/old.brandinfluence.eu\/index.php\/wp-json\/wp\/v2\/types\/page"}],"author":[{"embeddable":true,"href":"https:\/\/old.brandinfluence.eu\/index.php\/wp-json\/wp\/v2\/users\/1"}],"replies":[{"embeddable":true,"href":"https:\/\/old.brandinfluence.eu\/index.php\/wp-json\/wp\/v2\/comments?post=212"}],"version-history":[{"count":5,"href":"https:\/\/old.brandinfluence.eu\/index.php\/wp-json\/wp\/v2\/pages\/212\/revisions"}],"predecessor-version":[{"id":327,"href":"https:\/\/old.brandinfluence.eu\/index.php\/wp-json\/wp\/v2\/pages\/212\/revisions\/327"}],"wp:featuredmedia":[{"embeddable":true,"href":"https:\/\/old.brandinfluence.eu\/index.php\/wp-json\/wp\/v2\/media\/131"}],"wp:attachment":[{"href":"https:\/\/old.brandinfluence.eu\/index.php\/wp-json\/wp\/v2\/media?parent=212"}],"curies":[{"name":"wp","href":"https:\/\/api.w.org\/{rel}","templated":true}]}}