{"id":235,"date":"2017-10-25T16:51:30","date_gmt":"2017-10-25T14:51:30","guid":{"rendered":"http:\/\/www.brandinfluence.eu\/?page_id=235"},"modified":"2017-10-25T17:45:03","modified_gmt":"2017-10-25T15:45:03","slug":"form-2","status":"publish","type":"page","link":"https:\/\/old.brandinfluence.eu\/index.php\/fr\/form-2\/","title":{"rendered":"FORMULAIRE DE CONTACT"},"content":{"rendered":"<p>BrandInfluence d\u00e9veloppe et g\u00e8re des strat\u00e9gies marketing d&#8217;influence pour vous aider \u00e0 diffuser efficacement le message de votre marque et atteindre des millions de personnes en Belgique et aux Pays-Bas via Youtube, FaceBook, Instagram et Twitter.<br \/>\n<div class=\"wpforms-container wpforms-container-full\" id=\"wpforms-233\"><form method=\"post\" enctype=\"multipart\/form-data\" id=\"wpforms-form-233\" action=\"\/index.php\/wp-json\/wp\/v2\/pages\/235#wpforms-233\" class=\"wpforms-validate wpforms-form\" data-formid=\"233\"><div class=\"wpforms-field-container\"><div id=\"wpforms-233-field_8-container\" class=\"wpforms-field wpforms-field-radio\" data-field-id=\"8\"><label class=\"wpforms-field-label\" for=\"wpforms-233-field_8\">Quel type de campagnes d&#039;influenceurs voulez-vous lancer ? <span class=\"wpforms-required-label\">*<\/span><\/label><ul id=\"wpforms-233-field_8\" class=\"wpforms-field-required\" ><li class=\"choice-1 depth-1\"><input type=\"radio\" id=\"wpforms-233-field_8_1\" name=\"wpforms[fields][8]\" value=\"Am\u00e9liorer la notori\u00e9t\u00e9 de la marque ou la promotion produit\"   required><label class=\"wpforms-field-label-inline\" for=\"wpforms-233-field_8_1\">Am\u00e9liorer la notori\u00e9t\u00e9 de la marque ou la promotion produit<\/label><\/li><li class=\"choice-2 depth-1\"><input type=\"radio\" id=\"wpforms-233-field_8_2\" name=\"wpforms[fields][8]\" value=\"Augmenter l&#039;audience du site ou la g\u00e9n\u00e9ration de leads\"   required><label class=\"wpforms-field-label-inline\" for=\"wpforms-233-field_8_2\">Augmenter l'audience du site ou la g\u00e9n\u00e9ration de leads<\/label><\/li><li class=\"choice-3 depth-1\"><input type=\"radio\" id=\"wpforms-233-field_8_3\" name=\"wpforms[fields][8]\" value=\"Organiser un test produit avec des influenceurs\"   required><label class=\"wpforms-field-label-inline\" for=\"wpforms-233-field_8_3\">Organiser un test produit avec des influenceurs<\/label><\/li><li class=\"choice-4 depth-1\"><input type=\"radio\" id=\"wpforms-233-field_8_4\" name=\"wpforms[fields][8]\" value=\"Proposer un concours aux fans\/followers des influenceurs\"   required><label class=\"wpforms-field-label-inline\" for=\"wpforms-233-field_8_4\">Proposer un concours aux fans\/followers des influenceurs<\/label><\/li><li class=\"choice-5 depth-1\"><input type=\"radio\" id=\"wpforms-233-field_8_5\" name=\"wpforms[fields][8]\" value=\"Un mix des diff\u00e9rentes possibilit\u00e9s\"   required><label class=\"wpforms-field-label-inline\" for=\"wpforms-233-field_8_5\">Un mix des diff\u00e9rentes possibilit\u00e9s<\/label><\/li><\/ul><\/div><div id=\"wpforms-233-field_0-container\" class=\"wpforms-field wpforms-field-name\" data-field-id=\"0\"><label class=\"wpforms-field-label\" for=\"wpforms-233-field_0\">Nom <span class=\"wpforms-required-label\">*<\/span><\/label><div class=\"wpforms-field-row wpforms-field-medium\"><div class=\"wpforms-field-row-block wpforms-first wpforms-one-half\"><input type=\"text\" id=\"wpforms-233-field_0\" class=\"wpforms-field-name-first wpforms-field-required\" name=\"wpforms[fields][0][first]\" required><label for=\"wpforms-233-field_0\" class=\"wpforms-field-sublabel after \">First<\/label><\/div><div class=\"wpforms-field-row-block wpforms-one-half\"><input type=\"text\" id=\"wpforms-233-field_0-last\" class=\"wpforms-field-name-last wpforms-field-required\" name=\"wpforms[fields][0][last]\" required><label for=\"wpforms-233-field_0-last\" class=\"wpforms-field-sublabel after \">Last<\/label><\/div><\/div><\/div><div id=\"wpforms-233-field_6-container\" class=\"wpforms-field wpforms-field-text\" data-field-id=\"6\"><label class=\"wpforms-field-label\" for=\"wpforms-233-field_6\">Soci\u00e9t\u00e9<\/label><input type=\"text\" id=\"wpforms-233-field_6\" class=\"wpforms-field-medium\" name=\"wpforms[fields][6]\" ><\/div><div id=\"wpforms-233-field_1-container\" class=\"wpforms-field wpforms-field-email\" data-field-id=\"1\"><label class=\"wpforms-field-label\" for=\"wpforms-233-field_1\">Email <span class=\"wpforms-required-label\">*<\/span><\/label><input type=\"email\" id=\"wpforms-233-field_1\" class=\"wpforms-field-medium wpforms-field-required\" name=\"wpforms[fields][1]\" required><\/div><div id=\"wpforms-233-field_7-container\" class=\"wpforms-field wpforms-field-number\" data-field-id=\"7\"><label class=\"wpforms-field-label\" for=\"wpforms-233-field_7\">T\u00e9l\u00e9phone<\/label><input type=\"number\" id=\"wpforms-233-field_7\" class=\"wpforms-field-medium\" name=\"wpforms[fields][7]\" ><\/div><\/div><div class=\"wpforms-field wpforms-field-hp\" id=\"wpform-field-hp\"><label for=\"wpforms-field_hp\" class=\"wpforms-field-label\">Message<\/label><input type=\"text\" name=\"wpforms[hp]\" id=\"wpforms-field_hp\" class=\"wpforms-field-medium\"><\/div><div class=\"wpforms-submit-container\" ><input type=\"hidden\" name=\"wpforms[id]\" value=\"233\"><input type=\"hidden\" name=\"wpforms[author]\" value=\"1\"><button type=\"submit\" name=\"wpforms[submit]\" class=\"wpforms-submit \" id=\"wpforms-submit-233\" value=\"wpforms-submit\" data-alt-text=\"Sending...\">Envoyer<\/button><\/div><\/form><\/div><\/p>\n","protected":false},"excerpt":{"rendered":"<p>BrandInfluence d\u00e9veloppe et g\u00e8re des strat\u00e9gies marketing d&#8217;influence pour vous aider \u00e0 diffuser efficacement le message de votre marque et atteindre des millions de personnes en Belgique et aux Pays-Bas via Youtube, FaceBook, Instagram et Twitter.<\/p>\n","protected":false},"author":1,"featured_media":0,"parent":0,"menu_order":0,"comment_status":"closed","ping_status":"closed","template":"","meta":[],"_links":{"self":[{"href":"https:\/\/old.brandinfluence.eu\/index.php\/wp-json\/wp\/v2\/pages\/235"}],"collection":[{"href":"https:\/\/old.brandinfluence.eu\/index.php\/wp-json\/wp\/v2\/pages"}],"about":[{"href":"https:\/\/old.brandinfluence.eu\/index.php\/wp-json\/wp\/v2\/types\/page"}],"author":[{"embeddable":true,"href":"https:\/\/old.brandinfluence.eu\/index.php\/wp-json\/wp\/v2\/users\/1"}],"replies":[{"embeddable":true,"href":"https:\/\/old.brandinfluence.eu\/index.php\/wp-json\/wp\/v2\/comments?post=235"}],"version-history":[{"count":4,"href":"https:\/\/old.brandinfluence.eu\/index.php\/wp-json\/wp\/v2\/pages\/235\/revisions"}],"predecessor-version":[{"id":240,"href":"https:\/\/old.brandinfluence.eu\/index.php\/wp-json\/wp\/v2\/pages\/235\/revisions\/240"}],"wp:attachment":[{"href":"https:\/\/old.brandinfluence.eu\/index.php\/wp-json\/wp\/v2\/media?parent=235"}],"curies":[{"name":"wp","href":"https:\/\/api.w.org\/{rel}","templated":true}]}}